{"id":321,"date":"2017-10-17T20:49:23","date_gmt":"2017-10-17T20:49:23","guid":{"rendered":"http:\/\/www.kindergruppemobile.at\/?page_id=321"},"modified":"2022-06-27T13:13:00","modified_gmt":"2022-06-27T13:13:00","slug":"raumlichkeiten","status":"publish","type":"page","link":"https:\/\/www.kindergruppemobile.at\/?page_id=321","title":{"rendered":"R\u00e4umlichkeiten"},"content":{"rendered":"<p><strong>Unsere R\u00e4umlichkeiten<\/strong><\/p>\n<p>Unsere Kindergruppe ist in einer sch\u00f6nen Altbauwohnung im zweiten Stock eines Hinterhauses mitten im gr\u00fcnen Planquadrat gelegen. Die gro\u00dfz\u00fcgigen lichtdurchfluteten Zimmer geben den Kindern genug Raum, um ihren unterschiedlichen Spiel-und Bewegungsdrang auszuleben.&nbsp;Neben&nbsp;K\u00fcche, &nbsp;Vorraum\/Garderobe, steht ein Spiel-\/Werkzimmer, ein Bastelzimmer sowie ein Toberaum &nbsp;zur Verf\u00fcgung.<\/p>\n<p><strong>Das Spielzimmer<\/strong><\/p>\n<p>Das gro\u00dfe Spielzimmer beherbergt einen Bereich zum Malen, Konsturieren und Lesen.<\/p>\n<p><a href=\"http:\/\/www.kindergruppemobile.at\/wp-content\/uploads\/Raum1-01.jpg\"><img decoding=\"async\" loading=\"lazy\" src=\"http:\/\/www.kindergruppemobile.at\/wp-content\/uploads\/Raum1-01-300x199.jpg\" class=\"alignnone wp-image-1143\" alt=\"\" width=\"586\" height=\"389\" srcset=\"https:\/\/www.kindergruppemobile.at\/wp-content\/uploads\/Raum1-01-300x199.jpg 300w, https:\/\/www.kindergruppemobile.at\/wp-content\/uploads\/Raum1-01-768x510.jpg 768w, https:\/\/www.kindergruppemobile.at\/wp-content\/uploads\/Raum1-01-1024x680.jpg 1024w\" sizes=\"(max-width: 586px) 100vw, 586px\" \/><\/a><\/p>\n<p><a href=\"http:\/\/www.kindergruppemobile.at\/wp-content\/uploads\/Raum1-Malwand.jpg\"><img decoding=\"async\" loading=\"lazy\" src=\"http:\/\/www.kindergruppemobile.at\/wp-content\/uploads\/Raum1-Malwand-300x200.jpg\" class=\"alignnone wp-image-1144\" alt=\"\" width=\"587\" height=\"391\" srcset=\"https:\/\/www.kindergruppemobile.at\/wp-content\/uploads\/Raum1-Malwand-300x200.jpg 300w, https:\/\/www.kindergruppemobile.at\/wp-content\/uploads\/Raum1-Malwand-768x512.jpg 768w, https:\/\/www.kindergruppemobile.at\/wp-content\/uploads\/Raum1-Malwand-1024x682.jpg 1024w\" sizes=\"(max-width: 587px) 100vw, 587px\" \/><\/a><\/p>\n<p><a href=\"http:\/\/www.kindergruppemobile.at\/wp-content\/uploads\/Kuschelecke-02.jpg\"><img decoding=\"async\" loading=\"lazy\" src=\"http:\/\/www.kindergruppemobile.at\/wp-content\/uploads\/Kuschelecke-02-300x200.jpg\" class=\"alignnone wp-image-1142\" alt=\"\" width=\"587\" height=\"391\" srcset=\"https:\/\/www.kindergruppemobile.at\/wp-content\/uploads\/Kuschelecke-02-300x200.jpg 300w, https:\/\/www.kindergruppemobile.at\/wp-content\/uploads\/Kuschelecke-02-768x512.jpg 768w, https:\/\/www.kindergruppemobile.at\/wp-content\/uploads\/Kuschelecke-02-1024x682.jpg 1024w\" sizes=\"(max-width: 587px) 100vw, 587px\" \/><\/a><\/p>\n<p><strong>Der Bastelraum<\/strong><\/p>\n<p>In diesem Zimmer wird leise gespielt. Hier steht der Basteltisch an dem gemeinsam gebastelt wird. Hier findet auch das Mittagessen statt, bei dem die Kinder sich selbst nehmen k\u00f6nnen.<\/p>\n<p><a href=\"http:\/\/www.kindergruppemobile.at\/wp-content\/uploads\/Raum2-01.jpg\"><img decoding=\"async\" loading=\"lazy\" src=\"http:\/\/www.kindergruppemobile.at\/wp-content\/uploads\/Raum2-01-200x300.jpg\" class=\"alignnone wp-image-1145\" alt=\"\" width=\"348\" height=\"522\" srcset=\"https:\/\/www.kindergruppemobile.at\/wp-content\/uploads\/Raum2-01-200x300.jpg 200w, https:\/\/www.kindergruppemobile.at\/wp-content\/uploads\/Raum2-01-768x1153.jpg 768w, https:\/\/www.kindergruppemobile.at\/wp-content\/uploads\/Raum2-01-682x1024.jpg 682w\" sizes=\"(max-width: 348px) 100vw, 348px\" \/><\/a><\/p>\n<p><a href=\"http:\/\/www.kindergruppemobile.at\/wp-content\/uploads\/Raum2-02.jpg\"><img decoding=\"async\" loading=\"lazy\" src=\"http:\/\/www.kindergruppemobile.at\/wp-content\/uploads\/Raum2-02-300x200.jpg\" class=\"alignnone wp-image-1146\" alt=\"\" width=\"599\" height=\"399\" srcset=\"https:\/\/www.kindergruppemobile.at\/wp-content\/uploads\/Raum2-02-300x200.jpg 300w, https:\/\/www.kindergruppemobile.at\/wp-content\/uploads\/Raum2-02-768x512.jpg 768w, https:\/\/www.kindergruppemobile.at\/wp-content\/uploads\/Raum2-02-1024x682.jpg 1024w\" sizes=\"(max-width: 599px) 100vw, 599px\" \/><\/a><\/p>\n<p><strong>Die K\u00fcche<\/strong><\/p>\n<p>Hier wird gemeinsam die offene Vormittags- und Nachmittagsjause eingenommen.<\/p>\n<figure id=\"attachment_318\" align=\"alignnone\" width=\"604\"><a href=\"http:\/\/www.kindergruppemobile.at\/wp-content\/uploads\/DSC_9362-k.jpeg\"><img decoding=\"async\" loading=\"lazy\" src=\"http:\/\/www.kindergruppemobile.at\/wp-content\/uploads\/DSC_9362-k-1024x718.jpeg\" class=\"size-large wp-image-318\" width=\"604\" height=\"424\" alt=\"K\u00fcche\" srcset=\"https:\/\/www.kindergruppemobile.at\/wp-content\/uploads\/DSC_9362-k-1024x718.jpeg 1024w, https:\/\/www.kindergruppemobile.at\/wp-content\/uploads\/DSC_9362-k-300x210.jpeg 300w, https:\/\/www.kindergruppemobile.at\/wp-content\/uploads\/DSC_9362-k-768x538.jpeg 768w, https:\/\/www.kindergruppemobile.at\/wp-content\/uploads\/DSC_9362-k.jpeg 1280w\" sizes=\"(max-width: 604px) 100vw, 604px\" \/><\/a> Die K\u00fcche<\/figure>\n<p><strong>Der Tobe- und Ruheraum<\/strong><\/p>\n<p>In diesem Raum darf laut getobt werden. Es gibt eine Rutsche und hier lagern unsere Verkleidungen. Nach dem Mittagessen k\u00f6nnen sich unsere Schlafkinder hier auch ins kuschlige Matratzenlager zur\u00fcckziehen, w\u00e4hrend der Rest leise spielt.<\/p>\n<p><a href=\"http:\/\/www.kindergruppemobile.at\/wp-content\/uploads\/Toberaum-01.jpg\"><img decoding=\"async\" loading=\"lazy\" src=\"http:\/\/www.kindergruppemobile.at\/wp-content\/uploads\/Toberaum-01-300x200.jpg\" class=\"alignnone wp-image-1149\" alt=\"\" width=\"587\" height=\"391\" srcset=\"https:\/\/www.kindergruppemobile.at\/wp-content\/uploads\/Toberaum-01-300x200.jpg 300w, https:\/\/www.kindergruppemobile.at\/wp-content\/uploads\/Toberaum-01-768x512.jpg 768w, https:\/\/www.kindergruppemobile.at\/wp-content\/uploads\/Toberaum-01-1024x682.jpg 1024w\" sizes=\"(max-width: 587px) 100vw, 587px\" \/><\/a><\/p>\n","protected":false},"excerpt":{"rendered":"<p>Unsere R\u00e4umlichkeiten Unsere Kindergruppe ist in einer sch\u00f6nen Altbauwohnung im zweiten Stock eines Hinterhauses mitten im gr\u00fcnen Planquadrat gelegen. Die gro\u00dfz\u00fcgigen lichtdurchfluteten Zimmer geben den Kindern genug Raum, um ihren unterschiedlichen Spiel-und Bewegungsdrang auszuleben.&nbsp;Neben&nbsp;K\u00fcche, &nbsp;Vorraum\/Garderobe, steht ein Spiel-\/Werkzimmer, ein Bastelzimmer sowie ein Toberaum &nbsp;zur Verf\u00fcgung. Das Spielzimmer Das gro\u00dfe Spielzimmer beherbergt einen Bereich zum Malen, [&hellip;]<\/p>\n","protected":false},"author":8,"featured_media":0,"parent":0,"menu_order":0,"comment_status":"closed","ping_status":"closed","template":"","meta":[],"_links":{"self":[{"href":"https:\/\/www.kindergruppemobile.at\/index.php?rest_route=\/wp\/v2\/pages\/321"}],"collection":[{"href":"https:\/\/www.kindergruppemobile.at\/index.php?rest_route=\/wp\/v2\/pages"}],"about":[{"href":"https:\/\/www.kindergruppemobile.at\/index.php?rest_route=\/wp\/v2\/types\/page"}],"author":[{"embeddable":true,"href":"https:\/\/www.kindergruppemobile.at\/index.php?rest_route=\/wp\/v2\/users\/8"}],"replies":[{"embeddable":true,"href":"https:\/\/www.kindergruppemobile.at\/index.php?rest_route=%2Fwp%2Fv2%2Fcomments&post=321"}],"version-history":[{"count":10,"href":"https:\/\/www.kindergruppemobile.at\/index.php?rest_route=\/wp\/v2\/pages\/321\/revisions"}],"predecessor-version":[{"id":1179,"href":"https:\/\/www.kindergruppemobile.at\/index.php?rest_route=\/wp\/v2\/pages\/321\/revisions\/1179"}],"wp:attachment":[{"href":"https:\/\/www.kindergruppemobile.at\/index.php?rest_route=%2Fwp%2Fv2%2Fmedia&parent=321"}],"curies":[{"name":"wp","href":"https:\/\/api.w.org\/{rel}","templated":true}]}}