{"id":37,"date":"2013-11-25T15:28:51","date_gmt":"2013-11-25T15:28:51","guid":{"rendered":"http:\/\/www.kindergruppemobile.at\/?page_id=37"},"modified":"2021-10-19T06:36:35","modified_gmt":"2021-10-19T06:36:35","slug":"padagogisches-konzept","status":"publish","type":"page","link":"https:\/\/www.kindergruppemobile.at\/?page_id=37","title":{"rendered":"P\u00e4dagogisches Konzept"},"content":{"rendered":"<p>In unserem Zusammenleben mit den Kindern stehen <b>Vertrauen, Respekt, Achtung, Aufmerksamkeit<\/b> und Unterst\u00fctzung im Mittelpunkt. Wir sehen das Kind als eigenst\u00e4ndige und vollkommene Pers\u00f6nlichkeit, mit individuellem Umgang mit Gef\u00fchlen, Konflikten, dem Leben und mit unterschiedlichen Vorstellungen und Interessen.<\/p>\n<p>Wir sehen unser Leben als einen sich ver\u00e4ndernden Weg, den wir <b>gemeinsam<\/b> gehen. Wir geben uns Raum, uns zu ver\u00e4ndern und das Leben immer wieder neu zu entdecken.<\/p>\n<p>Die Entwicklung und Entfaltung der Pers\u00f6nlichkeit steht also im Vordergrund. Dazu geh\u00f6rt das Erkennen und Ausdr\u00fccken von Neigungen, Interessen, Ideen, Gef\u00fchlen usw. und au\u00dfer dem das Erkennen der eigenen St\u00e4rken und Schw\u00e4chen und der Umgang damit. Um dies zu erm\u00f6glichen sind wir mit unserer Pers\u00f6nlichkeit begleitend f\u00fcr das Kind da und stellen ihm das n\u00f6tige Umfeld zur Verf\u00fcgung.<\/p>\n<ul>\n<li>Wir geben ihm die M\u00f6glichkeit zum eigenst\u00e4ndigen Denken und Handeln,<\/li>\n<li>wir setzen Angebote, die dem Entwicklungsstand und den Interessen der Kinder entsprechen und<\/li>\n<li>wir lassen die Kinder frei unter den Angeboten w\u00e4hlen.<\/li>\n<\/ul>\n<p>Zur Entfaltung der Pers\u00f6nlichkeit z\u00e4hlen auch <b>soziales und emotionales Lernen<\/b>. Dazu geh\u00f6ren u.a. das \u00dcbernehmen von Verantwortung f\u00fcr das eigene Handeln, der Umgang mit Konflikten, der Ausdruck von Gef\u00fchlen und der gegenseitige Respekt.<\/p>\n<p>Hierdurch ergeben sich nicht nur Freir\u00e4ume sondern auch Grenzen und Pflichten gegen\u00fcber der Gemeinschaft, \u00a0wie z.B. achtsamer Umgang mit sich selbst, den anderen, den Dingen, der Natur, Akzeptanz von Gruppenregeln und vieles mehr.<\/p>\n<p>Den Jahresablauf gestalten wir flexibel und lebendig. Es wechseln sich Phasen, in denen freies Spielen im Vordergrund steht und Phasen in denen geplante Themen (z.B. Berufe, Familie, Wachstum, Sprache) im Mittelpunkt stehen, ab. Wir erleben dies als positiv.<\/p>\n<p>Als Abschluss f\u00fchren wir noch einen weiteren Teil unserer Arbeit an, den regelm\u00e4\u00dfigen und lebendigen Kontakt mit den Eltern, der unserer Meinung nach gerade bei Kindern im Kindergartenalter wichtig ist.<\/p>\n","protected":false},"excerpt":{"rendered":"<p>In unserem Zusammenleben mit den Kindern stehen Vertrauen, Respekt, Achtung, Aufmerksamkeit und Unterst\u00fctzung im Mittelpunkt. Wir sehen das Kind als eigenst\u00e4ndige und vollkommene Pers\u00f6nlichkeit, mit individuellem Umgang mit Gef\u00fchlen, Konflikten, dem Leben und mit unterschiedlichen Vorstellungen und Interessen. Wir sehen unser Leben als einen sich ver\u00e4ndernden Weg, den wir gemeinsam gehen. Wir geben uns Raum, [&hellip;]<\/p>\n","protected":false},"author":8,"featured_media":0,"parent":0,"menu_order":0,"comment_status":"closed","ping_status":"closed","template":"","meta":[],"_links":{"self":[{"href":"https:\/\/www.kindergruppemobile.at\/index.php?rest_route=\/wp\/v2\/pages\/37"}],"collection":[{"href":"https:\/\/www.kindergruppemobile.at\/index.php?rest_route=\/wp\/v2\/pages"}],"about":[{"href":"https:\/\/www.kindergruppemobile.at\/index.php?rest_route=\/wp\/v2\/types\/page"}],"author":[{"embeddable":true,"href":"https:\/\/www.kindergruppemobile.at\/index.php?rest_route=\/wp\/v2\/users\/8"}],"replies":[{"embeddable":true,"href":"https:\/\/www.kindergruppemobile.at\/index.php?rest_route=%2Fwp%2Fv2%2Fcomments&post=37"}],"version-history":[{"count":7,"href":"https:\/\/www.kindergruppemobile.at\/index.php?rest_route=\/wp\/v2\/pages\/37\/revisions"}],"predecessor-version":[{"id":1109,"href":"https:\/\/www.kindergruppemobile.at\/index.php?rest_route=\/wp\/v2\/pages\/37\/revisions\/1109"}],"wp:attachment":[{"href":"https:\/\/www.kindergruppemobile.at\/index.php?rest_route=%2Fwp%2Fv2%2Fmedia&parent=37"}],"curies":[{"name":"wp","href":"https:\/\/api.w.org\/{rel}","templated":true}]}}