{"id":43,"date":"2013-11-25T15:38:06","date_gmt":"2013-11-25T15:38:06","guid":{"rendered":"http:\/\/www.kindergruppemobile.at\/?page_id=43"},"modified":"2024-10-20T18:51:24","modified_gmt":"2024-10-20T18:51:24","slug":"wichtige-informationen","status":"publish","type":"page","link":"https:\/\/www.kindergruppemobile.at\/?page_id=43","title":{"rendered":"Wichtige Informationen"},"content":{"rendered":"<p><strong>\u00d6ffnungszeiten<\/strong><br \/>\nMontag 08:00h &#8211; 16:00h<br \/>\nDienstag 08:00h &#8211; 16:00h<br \/>\nMittwoch 08:00h &#8211; 16:00h<br \/>\nDonnerstag 08:00h &#8211; 16:00h<br \/>\nFreitag 08:00h &#8211; 16:00h<\/p>\n<p>W\u00e4hrend der Sommerferien ist unsere Kindergruppe in der Regel 4 Wochen im August geschlossen. Der genaue Zeitrahmen wird jedes Jahr mit allen Eltern und den Betreuer:innen abgestimmt.<\/p>\n<p><strong>Vereinsleben<\/strong><br \/>\nAls elternverwaltete Kindergruppe sind wir ein registrierter Verein und sind entsprechend auch so organisiert. Es gibt verschiedene \u00c4mter, die von den Vereinsmitgliedern (Eltern) ausge\u00fcbt werden. Einige Beispiele hierf\u00fcr sind das Amt des Obmanns\/der Obfrau, des Kassiers\/der Kassierin, des Einkaufdienstes usw. Die aktive Mitarbeit der Eltern ist also wichtig und notwendig, um das gute Funktionieren der Kindergruppe zu erm\u00f6glichen. Einmal im Monat treffen wir uns bei einem Elternabend gemeinsam mit den Betreuer:innen und besprechen aktuelle Themen f\u00fcr die kommenden Wochen (Feste, Neue Kinder, etc.).<\/p>\n<p>Der t\u00e4gliche Putzdienst wird von einer Reinigungskraft erledigt.<\/p>\n<p><strong>Beitr\u00e4ge<\/strong><br \/>\nUnsere Kindergruppe wird wie alle \u00f6ffentlichen und privaten Kinderg\u00e4rten, staatlich unterst\u00fctzt. Der Beitrag besteht aus F\u00f6rderungen und einem Elternanteil. Der Elternanteil betr\u00e4gt 240,- Euro im Monat pro Kind. Dieser Anteil kann sich je nach Gegebenheiten j\u00e4hrlich etwas \u00e4ndern (letzte Anpassung im September 2024). Vor- und Nachmittagsjause sind inkludiert. Zus\u00e4tzlich wird 2 x pro Monat von den Eltern das Essen f\u00fcr die Kindergruppe auf eigene Kosten zubereitet. Familien mit geringerem Einkommen k\u00f6nnen hierf\u00fcr eine F\u00f6rderung von der MA11 erhalten. Genauere Infos und das Antragsformular finden Sie unter: <a href=\"href:\/\/www.wien.gv.at\/amtshelfer\/gesellschaft-soziales\/magelf\/finanzielles\/essensbeitrag.html\">www.wien.gv.at\/amtshelfer\/gesellschaft-soziales\/magelf\/finanzielles\/essensbeitrag.html<\/a><\/p>\n<p>Bei der Aufnahme wird eine einmalige Kaution von 500,- Euro eingehoben, welche beim regul\u00e4ren Ausscheiden aus der Kindergruppe r\u00fcckerstattet wird. Dazu kommt ein einmaliger vorauszuzahlender Differenzbetrag in der H\u00f6he von \u20ac 240,- pro Kind (wird, wenn das Kind k\u00fcrzer als drei Jahre bleibt, tlw. r\u00fcckerstattet).<\/p>\n<p><strong>Wichtige Links<\/strong><br \/>\nWir, die Kindergruppe Mobile, sind Mitglied im <a href=\"http:\/\/www.wiener.kindergruppen.at\/\" target=\"_blank\" rel=\"noopener noreferrer\">Dachverband der Wiener Kindergruppen<\/a>&nbsp;sowie im <a href=\"http:\/\/www.wienerkindergruppen.org\/\" target=\"_blank\" rel=\"noopener noreferrer\">Verein Wiener Kindergruppen<\/a>.&nbsp;Hierdurch erhalten wir wesentliche professionelle Unterst\u00fctzung in vielen Belangen, die das Vereinsleben erleichtern.<\/p>\n","protected":false},"excerpt":{"rendered":"<p>\u00d6ffnungszeiten Montag 08:00h &#8211; 16:00h Dienstag 08:00h &#8211; 16:00h Mittwoch 08:00h &#8211; 16:00h Donnerstag 08:00h &#8211; 16:00h Freitag 08:00h &#8211; 16:00h W\u00e4hrend der Sommerferien ist unsere Kindergruppe in der Regel 4 Wochen im August geschlossen. Der genaue Zeitrahmen wird jedes Jahr mit allen Eltern und den Betreuer:innen abgestimmt. Vereinsleben Als elternverwaltete Kindergruppe sind wir ein [&hellip;]<\/p>\n","protected":false},"author":8,"featured_media":0,"parent":0,"menu_order":0,"comment_status":"closed","ping_status":"closed","template":"","meta":[],"_links":{"self":[{"href":"https:\/\/www.kindergruppemobile.at\/index.php?rest_route=\/wp\/v2\/pages\/43"}],"collection":[{"href":"https:\/\/www.kindergruppemobile.at\/index.php?rest_route=\/wp\/v2\/pages"}],"about":[{"href":"https:\/\/www.kindergruppemobile.at\/index.php?rest_route=\/wp\/v2\/types\/page"}],"author":[{"embeddable":true,"href":"https:\/\/www.kindergruppemobile.at\/index.php?rest_route=\/wp\/v2\/users\/8"}],"replies":[{"embeddable":true,"href":"https:\/\/www.kindergruppemobile.at\/index.php?rest_route=%2Fwp%2Fv2%2Fcomments&post=43"}],"version-history":[{"count":22,"href":"https:\/\/www.kindergruppemobile.at\/index.php?rest_route=\/wp\/v2\/pages\/43\/revisions"}],"predecessor-version":[{"id":1224,"href":"https:\/\/www.kindergruppemobile.at\/index.php?rest_route=\/wp\/v2\/pages\/43\/revisions\/1224"}],"wp:attachment":[{"href":"https:\/\/www.kindergruppemobile.at\/index.php?rest_route=%2Fwp%2Fv2%2Fmedia&parent=43"}],"curies":[{"name":"wp","href":"https:\/\/api.w.org\/{rel}","templated":true}]}}